{"id":13677,"date":"2023-05-09T03:09:52","date_gmt":"2023-05-09T03:09:52","guid":{"rendered":"https:\/\/babyvk.com\/?post_type=product&#038;p=13677"},"modified":"2025-03-10T20:03:37","modified_gmt":"2025-03-10T20:03:37","slug":"childrens-puzzle-stress-relief-toy","status":"publish","type":"product","link":"https:\/\/babyvk.com\/de\/product\/childrens-puzzle-stress-relief-toy\/","title":{"rendered":"Kinder Puzzle Stress Relief Spielzeug"},"content":{"rendered":"<div data-elementor-type=\"product-post\" data-elementor-id=\"13677\" class=\"elementor elementor-13677\" data-elementor-post-type=\"product\">\n\t\t\t\t\t\t<section class=\"wd-negative-gap elementor-section elementor-top-section elementor-element elementor-element-f6476cc elementor-section-boxed elementor-section-height-default elementor-section-height-default\" data-id=\"f6476cc\" data-element_type=\"section\">\n\t\t\t\t\t\t<div class=\"elementor-container elementor-column-gap-default\">\n\t\t\t\t\t<div class=\"elementor-column elementor-col-100 elementor-top-column elementor-element elementor-element-74c89df\" data-id=\"74c89df\" data-element_type=\"column\">\n\t\t\t<div class=\"elementor-widget-wrap elementor-element-populated\">\n\t\t\t\t\t\t<div class=\"elementor-element elementor-element-85883b9 elementor-widget elementor-widget-wd_text_block\" data-id=\"85883b9\" data-element_type=\"widget\" data-widget_type=\"wd_text_block.default\">\n\t\t\t\t<div class=\"elementor-widget-container\">\n\t\t\t\t\t\t\t<div class=\"wd-text-block reset-last-child text-left\">\n\t\t\t\n\t\t\t<h2><strong>Merkmale:<\/strong><\/h2><ul><li>\u3010Premium Material\u3011Das Magic Beans Spielzeug ist aus hochwertigem ABS-Material mit einer glatten Oberfl\u00e4che gefertigt, die eine angenehme Ber\u00fchrung und kratzfeste Erfahrung bietet. Es hat keinen eigenartigen Geruch und kann mehrmals verwendet werden, was eine lang anhaltende und angenehme Spielzeit mit vollem Vertrauen gew\u00e4hrleistet.<\/li><li>\u3010Portables Design\u3011Das Magic Beans Spielzeug ist so konzipiert, dass es perfekt in Ihre H\u00e4nde passt. Es ist leicht und einfach zu tragen, was es zu einem gro\u00dfartigen Stressl\u00f6ser f\u00fcr unterwegs macht. Sie k\u00f6nnen es in Ihre Tasche stecken, ohne sich belastet zu f\u00fchlen.<\/li><li>\u3010Patience Building\u3011Dieses sensorische Spielzeug ist hervorragend f\u00fcr die Verbesserung der Finger Flexibilit\u00e4t, Hand-Auge-Koordination, Konzentration, Geduld und Probleml\u00f6sungsf\u00e4higkeiten. Geeignet f\u00fcr Teenager, um ihren sozialen Kreis zu erweitern und f\u00fcr Erwachsene, um Stress abzubauen.<\/li><li>\u3010Flexibles Gameplay\u3011Das Stressabbau-Spielzeug bietet flexibles Gameplay; Sie k\u00f6nnen jede geschlitzte Bohne in der gleichen Farbe wiederherstellen oder zwei Farben von Bohnen kreuzen, zwei Bohnen kreuzen sich, und so weiter, was endlose Unterhaltung bietet.<\/li><li>Perfektes Geschenk\u3011Magic Beans Spielzeuge sind das perfekte Geschenk f\u00fcr Geburtstage, Ostern, Weihnachten oder jeden besonderen Anlass. Jedes Rainbow Ball Puzzle Kreisel Spielzeug kommt in einer sch\u00f6nen Farbe Box verpackt, so dass es ein ideales Geschenk f\u00fcr Familie, Freunde und Kollegen.<\/li><\/ul>\n\t\t\t\t\t<\/div>\n\t\t\t\t\t\t<\/div>\n\t\t\t\t<\/div>\n\t\t\t\t\t<\/div>\n\t\t<\/div>\n\t\t\t\t\t<\/div>\n\t\t<\/section>\n\t\t\t\t<section class=\"wd-negative-gap elementor-section elementor-top-section elementor-element elementor-element-2c9b68c elementor-section-boxed elementor-section-height-default elementor-section-height-default\" data-id=\"2c9b68c\" data-element_type=\"section\">\n\t\t\t\t\t\t<div class=\"elementor-container elementor-column-gap-default\">\n\t\t\t\t\t<div class=\"elementor-column elementor-col-100 elementor-top-column elementor-element elementor-element-f9d20ea\" data-id=\"f9d20ea\" data-element_type=\"column\">\n\t\t\t<div class=\"elementor-widget-wrap elementor-element-populated\">\n\t\t\t\t\t\t<div class=\"elementor-element elementor-element-1a75f1b elementor-widget elementor-widget-wd_text_block\" data-id=\"1a75f1b\" data-element_type=\"widget\" data-widget_type=\"wd_text_block.default\">\n\t\t\t\t<div class=\"elementor-widget-container\">\n\t\t\t\t\t\t\t<div class=\"wd-text-block reset-last-child text-left\">\n\t\t\t\n\t\t\t<h2><strong>Beschreibung:<\/strong><\/h2><p>Der Zauberbohnenw\u00fcrfel ist ein n\u00fctzliches Spielzeug, das die Konzentration, die Geduld, das strategische Denken und die Probleml\u00f6sungsf\u00e4higkeiten von Kindern f\u00f6rdern kann. Er hilft auch Erwachsenen, Stress abzubauen und Alzheimer bei \u00e4lteren Menschen vorzubeugen, was ihn zu einem lustigen Spielzeug macht, das die ganze Familie genie\u00dfen kann.<\/p><p>Das aus hochwertigem ABS-Material gefertigte Magic Beans Spielzeug ist langlebig und sorgt f\u00fcr ein fr\u00f6hliches und entspanntes Spielerlebnis. Es wird mit einem Schl\u00fcsselband zum einfachen Tragen geliefert und ist somit perfekt f\u00fcr die Unterhaltung unterwegs.<\/p><p>Dieses exquisite Spielzeug ist ein hervorragender Stressabbau und ein p\u00e4dagogisches Hilfsmittel, das an Kinder, Freunde und Familie verschenkt werden kann. Es hilft, starke Beziehungen zwischen Menschen aufzubauen.<\/p>\n\t\t\t\t\t<\/div>\n\t\t\t\t\t\t<\/div>\n\t\t\t\t<\/div>\n\t\t\t\t\t<\/div>\n\t\t<\/div>\n\t\t\t\t\t<\/div>\n\t\t<\/section>\n\t\t\t\t<section class=\"wd-negative-gap elementor-section elementor-top-section elementor-element elementor-element-e0e91da elementor-section-boxed elementor-section-height-default elementor-section-height-default\" data-id=\"e0e91da\" data-element_type=\"section\">\n\t\t\t\t\t\t<div class=\"elementor-container elementor-column-gap-default\">\n\t\t\t\t\t<div class=\"elementor-column elementor-col-100 elementor-top-column elementor-element elementor-element-2c9cfe3\" data-id=\"2c9cfe3\" data-element_type=\"column\">\n\t\t\t<div class=\"elementor-widget-wrap elementor-element-populated\">\n\t\t\t\t\t\t<div class=\"elementor-element elementor-element-3c3dc6e elementor-widget elementor-widget-wd_text_block\" data-id=\"3c3dc6e\" data-element_type=\"widget\" data-widget_type=\"wd_text_block.default\">\n\t\t\t\t<div class=\"elementor-widget-container\">\n\t\t\t\t\t\t\t<div class=\"wd-text-block reset-last-child text-left\">\n\t\t\t\n\t\t\t<h2><strong>Spezifikation:<\/strong><\/h2><p>Produktname: Magische Bohnendose<br \/>Material des Produkts: ABS<br \/>Produktverpackung: Exquisite Farbbox<br \/>Tats\u00e4chliche Gr\u00f6\u00dfe: 5.6*5.6*6.8cm\/2.2*2.2*2.67in<br \/>Gr\u00f6\u00dfe der Produktverpackung: 6*6*7cm\/2.36*2.36*2.76in<\/p><h2><strong>Das Paket enth\u00e4lt:<\/strong><\/h2><p>1x Magische Bohnendose<br \/>1x Schl\u00fcsselband<br \/>1x Farbkasten<\/p>\n\t\t\t\t\t<\/div>\n\t\t\t\t\t\t<\/div>\n\t\t\t\t<\/div>\n\t\t\t\t\t<\/div>\n\t\t<\/div>\n\t\t\t\t\t<\/div>\n\t\t<\/section>\n\t\t\t\t<\/div>","protected":false},"excerpt":{"rendered":"<p>&#8220;<strong>F\u00e4llt es Ihnen schwer, Ihre Kinder zu besch\u00e4ftigen und stressfrei zu halten?<\/strong> Wir stellen vor: \"Kinder Puzzle Stress Relief Toy\" - die ultimative L\u00f6sung f\u00fcr eine lustige, beruhigende Spielzeit. Jetzt versandkostenfrei einkaufen und 30% Rabatt erhalten! \ud83e\udde9\u2728\"<\/p>","protected":false},"featured_media":13689,"comment_status":"open","ping_status":"closed","template":"","meta":{"_acf_changed":false},"product_brand":[],"product_cat":[509],"product_tag":[234,232,235,236,233],"class_list":{"0":"post-13677","1":"product","2":"type-product","3":"status-publish","4":"has-post-thumbnail","6":"product_cat-best-baby-toys","7":"product_tag-baby-fidgeting-toy","8":"product_tag-decompression-toys","9":"product_tag-educational-toy","10":"product_tag-puzzle-stress-relief-toy","11":"product_tag-rotating-magic-bean","13":"first","14":"instock","15":"sale","16":"taxable","17":"shipping-taxable","18":"purchasable","19":"product-type-variable","20":"wvs-archive-product-wrapper"},"acf":[],"_links":{"self":[{"href":"https:\/\/babyvk.com\/de\/wp-json\/wp\/v2\/product\/13677","targetHints":{"allow":["GET"]}}],"collection":[{"href":"https:\/\/babyvk.com\/de\/wp-json\/wp\/v2\/product"}],"about":[{"href":"https:\/\/babyvk.com\/de\/wp-json\/wp\/v2\/types\/product"}],"replies":[{"embeddable":true,"href":"https:\/\/babyvk.com\/de\/wp-json\/wp\/v2\/comments?post=13677"}],"version-history":[{"count":0,"href":"https:\/\/babyvk.com\/de\/wp-json\/wp\/v2\/product\/13677\/revisions"}],"wp:featuredmedia":[{"embeddable":true,"href":"https:\/\/babyvk.com\/de\/wp-json\/wp\/v2\/media\/13689"}],"wp:attachment":[{"href":"https:\/\/babyvk.com\/de\/wp-json\/wp\/v2\/media?parent=13677"}],"wp:term":[{"taxonomy":"product_brand","embeddable":true,"href":"https:\/\/babyvk.com\/de\/wp-json\/wp\/v2\/product_brand?post=13677"},{"taxonomy":"product_cat","embeddable":true,"href":"https:\/\/babyvk.com\/de\/wp-json\/wp\/v2\/product_cat?post=13677"},{"taxonomy":"product_tag","embeddable":true,"href":"https:\/\/babyvk.com\/de\/wp-json\/wp\/v2\/product_tag?post=13677"}],"curies":[{"name":"wp","href":"https:\/\/api.w.org\/{rel}","templated":true}]}}