{"id":13291,"date":"2023-03-13T05:08:49","date_gmt":"2023-03-13T05:08:49","guid":{"rendered":"http:\/\/babyvk.com\/?post_type=product&#038;p=13291"},"modified":"2025-09-08T17:08:10","modified_gmt":"2025-09-08T17:08:10","slug":"wearable-double-hands-free-breast-pump","status":"publish","type":"product","link":"https:\/\/babyvk.com\/de\/product\/wearable-double-hands-free-breast-pump\/","title":{"rendered":"Tragbare Doppel-Freihand-Milchpumpe"},"content":{"rendered":"<div data-elementor-type=\"product-post\" data-elementor-id=\"13291\" class=\"elementor elementor-13291\" data-elementor-post-type=\"product\">\n\t\t\t\t\t\t<section class=\"wd-negative-gap elementor-section elementor-top-section elementor-element elementor-element-ca10819 elementor-section-boxed elementor-section-height-default elementor-section-height-default\" data-id=\"ca10819\" data-element_type=\"section\">\n\t\t\t\t\t\t<div class=\"elementor-container elementor-column-gap-default\">\n\t\t\t\t\t<div class=\"elementor-column elementor-col-100 elementor-top-column elementor-element elementor-element-037d893\" data-id=\"037d893\" data-element_type=\"column\">\n\t\t\t<div class=\"elementor-widget-wrap elementor-element-populated\">\n\t\t\t\t\t\t<div class=\"elementor-element elementor-element-498ac7d elementor-widget elementor-widget-wd_text_block\" data-id=\"498ac7d\" data-element_type=\"widget\" data-widget_type=\"wd_text_block.default\">\n\t\t\t\t<div class=\"elementor-widget-container\">\n\t\t\t\t\t\t\t<div class=\"wd-text-block reset-last-child text-left\">\n\t\t\t\n\t\t\t<p><span style=\"color: #000000;\"><strong>Beschreibung des Produkts:<\/strong><\/span><\/p><p>Die neue Wearable Double Hands Free Breast Pump ist eine revolution\u00e4re L\u00f6sung f\u00fcr moderne M\u00fctter wie Sie! Unsere revolution\u00e4re Milchpumpe vereint Bequemlichkeit, Komfort und Effizienz und erm\u00f6glicht es Ihnen, Ihr Baby zu ern\u00e4hren, w\u00e4hrend Sie aktiv und produktiv bleiben.<\/p><p>Dank des freih\u00e4ndigen Designs dieser Doppel-Milchpumpe haben Sie Ihre H\u00e4nde frei und k\u00f6nnen sich w\u00e4hrend des Abpumpens anderen Aufgaben widmen. Sie m\u00fcssen keine Kompromisse mehr bei Ihrer t\u00e4glichen Routine eingehen und f\u00fchlen sich nicht mehr an eine herk\u00f6mmliche Milchpumpe gebunden. Erleben Sie wahre Freiheit und Flexibilit\u00e4t!<\/p><p>Unsere Double Hands Free Milchpumpe ist kompakt und leicht und wurde mit dem Gedanken an gr\u00f6\u00dftm\u00f6gliche Mobilit\u00e4t entwickelt. Sie k\u00f6nnen sie in Ihrer Tasche verstauen oder diskret unter Ihrer Kleidung tragen. Egal, ob Sie bei der Arbeit sind, Besorgungen machen oder einen Tag mit Ihrem Kind verbringen, das Abpumpen war noch nie so einfach und bequem.<\/p><p>Wir wissen, wie wichtig ein leises und ruhiges Abpumpen ist. Deshalb arbeitet unsere Brustpumpenmaschine fl\u00fcsterleise und sorgt f\u00fcr minimale Ger\u00e4usche, um St\u00f6rungen zu vermeiden. F\u00fchlen Sie sich sicher und pumpen Sie diskret ab, wo immer Sie sind.<\/p><p>Sie k\u00f6nnen sicher sein, dass jeder Tropfen Milch, der aufgefangen wird, sicher und rein ist. Unsere freih\u00e4ndige Doppelmilchpumpe verf\u00fcgt \u00fcber ein komplettes Trennsystem, das Gas und Milch w\u00e4hrend des gesamten Prozesses voneinander trennt. Diese innovative Technologie garantiert die h\u00f6chsten Hygiene- und Qualit\u00e4tsstandards f\u00fcr Ihr kostbares Baby.<\/p><p>Ihr Komfort steht f\u00fcr uns an erster Stelle. Unsere tragbare elektrische Milchpumpe ist mit einer sanften Massagefunktion ausgestattet, die die nat\u00fcrliche Saugbewegung des Babys nachahmt. Die hochfrequente Vibrationsbewegung des Kolbens regt den Milchfluss an und sorgt so f\u00fcr einen komfortablen und effizienten Abpumpvorgang. Erleben Sie eine wohltuende Massage, gefolgt von einer effizienten Absaugung, mit der Sie m\u00fchelos Milch abpumpen k\u00f6nnen.<\/p><p>Mit der Wearable Double Hands Free Breast Pump k\u00f6nnen Sie die Freuden der Mutterschaft genie\u00dfen und gleichzeitig Ihren aktiven Lebensstil beibehalten. Es ist an der Zeit, Ihre Freiheit zur\u00fcckzugewinnen und jeden kostbaren Moment mit Ihrem Kind zu genie\u00dfen. Bestellen Sie jetzt und erleben Sie die ultimative Bequemlichkeit und den Komfort des freih\u00e4ndigen Abpumpens! \ud83c\udf38\ud83e\udd31\ud83c\udffb\ud83d\udc96<\/p>\n\t\t\t\t\t<\/div>\n\t\t\t\t\t\t<\/div>\n\t\t\t\t<\/div>\n\t\t\t\t\t<\/div>\n\t\t<\/div>\n\t\t\t\t\t<\/div>\n\t\t<\/section>\n\t\t\t\t<section class=\"wd-negative-gap elementor-section elementor-top-section elementor-element elementor-element-d144e1a elementor-section-boxed elementor-section-height-default elementor-section-height-default\" data-id=\"d144e1a\" data-element_type=\"section\">\n\t\t\t\t\t\t<div class=\"elementor-container elementor-column-gap-default\">\n\t\t\t\t\t<div class=\"elementor-column elementor-col-100 elementor-top-column elementor-element elementor-element-324591a\" data-id=\"324591a\" data-element_type=\"column\">\n\t\t\t<div class=\"elementor-widget-wrap elementor-element-populated\">\n\t\t\t\t\t\t<div class=\"elementor-element elementor-element-ff03385 elementor-widget elementor-widget-video\" data-id=\"ff03385\" data-element_type=\"widget\" data-settings=\"{&quot;youtube_url&quot;:&quot;https:\\\/\\\/youtu.be\\\/o0uPuNg47ss&quot;,&quot;video_type&quot;:&quot;youtube&quot;,&quot;controls&quot;:&quot;yes&quot;}\" data-widget_type=\"video.default\">\n\t\t\t\t<div class=\"elementor-widget-container\">\n\t\t\t\t\t\t\t<div class=\"elementor-wrapper elementor-open-inline\">\n\t\t\t<div class=\"elementor-video\"><\/div>\t\t<\/div>\n\t\t\t\t\t\t<\/div>\n\t\t\t\t<\/div>\n\t\t\t\t\t<\/div>\n\t\t<\/div>\n\t\t\t\t\t<\/div>\n\t\t<\/section>\n\t\t\t\t<section class=\"wd-negative-gap elementor-section elementor-top-section elementor-element elementor-element-f22daae elementor-section-boxed elementor-section-height-default elementor-section-height-default\" data-id=\"f22daae\" data-element_type=\"section\">\n\t\t\t\t\t\t<div class=\"elementor-container elementor-column-gap-default\">\n\t\t\t\t\t<div class=\"elementor-column elementor-col-100 elementor-top-column elementor-element elementor-element-b42aa8a\" data-id=\"b42aa8a\" data-element_type=\"column\">\n\t\t\t<div class=\"elementor-widget-wrap elementor-element-populated\">\n\t\t\t\t\t\t<div class=\"elementor-element elementor-element-52a7e6f elementor-widget elementor-widget-wd_text_block\" data-id=\"52a7e6f\" data-element_type=\"widget\" data-widget_type=\"wd_text_block.default\">\n\t\t\t\t<div class=\"elementor-widget-container\">\n\t\t\t\t\t\t\t<div class=\"wd-text-block reset-last-child text-left\">\n\t\t\t\n\t\t\t<p><span style=\"color: #000000;\"><strong>Produktmerkmale:<\/strong><\/span><\/p><ol><li>Freih\u00e4ndige Bequemlichkeit: Erleben Sie die Freiheit, w\u00e4hrend des Abpumpens Multitasking zu betreiben - mit unserem innovativen, tragbaren Design. Die Wearable Double Hands Free Breast Pump Machine erm\u00f6glicht es Ihnen, m\u00fchelos Milch abzupumpen, sodass Sie die H\u00e4nde frei haben, um sich um andere Aufgaben zu k\u00fcmmern.<\/li><li>Kompakt und handlich: Diese Doppel-Freihand-Milchpumpe wurde speziell f\u00fcr moderne M\u00fctter entwickelt und ist kompakt und leicht, so dass sie einfach zu tragen und unterwegs zu verwenden ist. Sie passt unauff\u00e4llig unter die Kleidung und erm\u00f6glicht es Ihnen, \u00fcberall und jederzeit abzupumpen.<\/li><li>Fl\u00fcsterleiser Betrieb: Genie\u00dfen Sie ein ruhiges Abpumperlebnis, ohne andere zu st\u00f6ren. Unsere Double Hands Free Brustpumpe verf\u00fcgt \u00fcber eine fortschrittliche Ger\u00e4uschreduzierungstechnologie, die f\u00fcr minimale Ger\u00e4usche w\u00e4hrend des Betriebs sorgt, sodass Sie diskret abpumpen k\u00f6nnen.<\/li><li>Vollst\u00e4ndige Abtrennung: Die tragbare elektrische Milchpumpe ist mit einem einzigartigen Gas- und Milchabscheidungssystem ausgestattet. Dadurch wird sichergestellt, dass die Milch hygienisch und ohne Verunreinigungen aufgefangen wird, was die h\u00f6chste Qualit\u00e4t f\u00fcr Ihr Kind garantiert.<\/li><li>Sanfte Massage und effizientes Saugen: Unsere tragbare Milchpumpe, bei der Ihr Komfort an erster Stelle steht, verf\u00fcgt \u00fcber eine Hochfrequenz-Vibrationskolbenbewegung. Sie beginnt mit einer wohltuenden Massage, um den Milchfluss anzuregen, und geht dann in eine effiziente Absaugung \u00fcber, die eine effektive Expression erm\u00f6glicht.<\/li><\/ol>\n\t\t\t\t\t<\/div>\n\t\t\t\t\t\t<\/div>\n\t\t\t\t<\/div>\n\t\t\t\t\t<\/div>\n\t\t<\/div>\n\t\t\t\t\t<\/div>\n\t\t<\/section>\n\t\t\t\t<section class=\"wd-negative-gap elementor-section elementor-top-section elementor-element elementor-element-8e8b8d3 elementor-section-boxed elementor-section-height-default elementor-section-height-default\" data-id=\"8e8b8d3\" data-element_type=\"section\">\n\t\t\t\t\t\t<div class=\"elementor-container elementor-column-gap-default\">\n\t\t\t\t\t<div class=\"elementor-column elementor-col-100 elementor-top-column elementor-element elementor-element-57113f5\" data-id=\"57113f5\" data-element_type=\"column\">\n\t\t\t<div class=\"elementor-widget-wrap elementor-element-populated\">\n\t\t\t\t\t\t<div class=\"elementor-element elementor-element-dde682d color-scheme-inherit text-left elementor-widget elementor-widget-text-editor\" data-id=\"dde682d\" data-element_type=\"widget\" data-widget_type=\"text-editor.default\">\n\t\t\t\t<div class=\"elementor-widget-container\">\n\t\t\t\t\t\t\t\t\t<h2 class=\"detail-desc-decorate-title\">Das Paket enth\u00e4lt:<\/h2><p class=\"detail-desc-decorate-content\" data-spm-anchor-id=\"a2g0o.detail.1000023.i2.13203a4cIMGZjy\">1 x BH-Verstellschnalle<br \/>1 x USB-Kabel<br \/>1 x Silikon-Diaphragma<br \/>1 x Host<br \/>1 x Silikon Horn<br \/>1 x Entenmaul-Ventile<br \/>1 x 3 Wege<br \/><span style=\"font-size: 14px; background-color: var(--bgcolor-white); color: var(--wd-text-color);\">1 x Milchsammler<\/span><\/p>\t\t\t\t\t\t\t\t<\/div>\n\t\t\t\t<\/div>\n\t\t\t\t<div class=\"elementor-element elementor-element-4fe6a0c elementor-widget elementor-widget-wd_image_or_svg\" data-id=\"4fe6a0c\" data-element_type=\"widget\" data-widget_type=\"wd_image_or_svg.default\">\n\t\t\t\t<div class=\"elementor-widget-container\">\n\t\t\t\t\t\n\t\t<div class=\"wd-image text-left\">\n\t\t\t\t\t\t\t\t<img fetchpriority=\"high\" decoding=\"async\" width=\"1000\" height=\"1000\" src=\"https:\/\/babyvk.com\/wp-content\/uploads\/2023\/04\/1630487959-1.png\" class=\"attachment-full size-full wvs-archive-product-image\" alt=\"Tragbare Doppel-Freihand-Milchpumpe\" srcset=\"https:\/\/babyvk.com\/wp-content\/uploads\/2023\/04\/1630487959-1.png 1000w, https:\/\/babyvk.com\/wp-content\/uploads\/2023\/04\/1630487959-1-30x30.png 30w, https:\/\/babyvk.com\/wp-content\/uploads\/2023\/04\/1630487959-1-50x50.png 50w, https:\/\/babyvk.com\/wp-content\/uploads\/2023\/04\/1630487959-1-100x100.png 100w, https:\/\/babyvk.com\/wp-content\/uploads\/2023\/04\/1630487959-1-150x150.png 150w, https:\/\/babyvk.com\/wp-content\/uploads\/2023\/04\/1630487959-1-300x300.png 300w, https:\/\/babyvk.com\/wp-content\/uploads\/2023\/04\/1630487959-1-768x768.png 768w, https:\/\/babyvk.com\/wp-content\/uploads\/2023\/04\/1630487959-1-800x800.png 800w, https:\/\/babyvk.com\/wp-content\/uploads\/2023\/04\/1630487959-1-860x860.png 860w, https:\/\/babyvk.com\/wp-content\/uploads\/2023\/04\/1630487959-1-500x500.png 500w, https:\/\/babyvk.com\/wp-content\/uploads\/2023\/04\/1630487959-1-430x430.png 430w, https:\/\/babyvk.com\/wp-content\/uploads\/2023\/04\/1630487959-1-700x700.png 700w\" sizes=\"(max-width: 1000px) 100vw, 1000px\" title=\"\">\t\t\t\t\t<\/div>\n\n\t\t\t\t\t\t<\/div>\n\t\t\t\t<\/div>\n\t\t\t\t<div class=\"elementor-element elementor-element-120c39b color-scheme-inherit text-left elementor-widget elementor-widget-text-editor\" data-id=\"120c39b\" data-element_type=\"widget\" data-widget_type=\"text-editor.default\">\n\t\t\t\t<div class=\"elementor-widget-container\">\n\t\t\t\t\t\t\t\t\t<h2 class=\"detail-desc-decorate-title\" data-spm-anchor-id=\"a2g0o.detail.1000023.i0.13203a4cIMGZjy\">Angelegenheiten, die Aufmerksamkeit erfordern<\/h2><ol><li class=\"detail-desc-decorate-content\" data-spm-anchor-id=\"a2g0o.detail.1000023.i1.13203a4cIMGZjy\">Waschen Sie sich die H\u00e4nde, bevor Sie Double Pumping zum Abpumpen oder zur Behandlung von Muttermilch verwenden.<\/li><li class=\"detail-desc-decorate-content\" data-spm-anchor-id=\"a2g0o.detail.1000023.i1.13203a4cIMGZjy\">Die Milchpumpe wird vor dem Melken mit einem hei\u00dfen Handtuch erhitzt. Die Massage stimuliert den Warzenhof, um die Brust v\u00f6llig frei zu machen.<\/li><li class=\"detail-desc-decorate-content\" data-spm-anchor-id=\"a2g0o.detail.1000023.i1.13203a4cIMGZjy\">Melken auf eigenen Druck. Br\u00fcste oder Brustwarzen sollten aufh\u00f6ren zu melken, wenn sie Schmerzen versp\u00fcren.<\/li><li class=\"detail-desc-decorate-content\" data-spm-anchor-id=\"a2g0o.detail.1000023.i1.13203a4cIMGZjy\">Dr\u00fccken Sie einfach die Anzahl von acht Punkten f\u00fcr das Melken aus (nicht mehr als 20 Minuten)<\/li><li class=\"detail-desc-decorate-content\" data-spm-anchor-id=\"a2g0o.detail.1000023.i1.13203a4cIMGZjy\">Verwenden Sie zur Aufbewahrung von Muttermilch einen Beh\u00e4lter mit Deckel<\/li><li class=\"detail-desc-decorate-content\" data-spm-anchor-id=\"a2g0o.detail.1000023.i1.13203a4cIMGZjy\">Entfernen Sie Muttermilch, die l\u00e4nger als 72 Stunden (3 Tage) gek\u00fchlt wurde<\/li><li class=\"detail-desc-decorate-content\" data-spm-anchor-id=\"a2g0o.detail.1000023.i1.13203a4cIMGZjy\">Geben Sie gek\u00fchlte Muttermilch und frische Muttermilch nicht zusammen.<\/li><li class=\"detail-desc-decorate-content\" data-spm-anchor-id=\"a2g0o.detail.1000023.i1.13203a4cIMGZjy\">Tauen Sie die gek\u00fchlte Muttermilch auf oder verbinden Sie den Beh\u00e4lter mit der warmen Milch f\u00fcr die Warmf\u00fctterung.<\/li><li class=\"detail-desc-decorate-content\" data-spm-anchor-id=\"a2g0o.detail.1000023.i1.13203a4cIMGZjy\">Wenn das Baby nach dem Auftauen der Muttermilch nach 24 Stunden noch nicht genug getrunken hat, wiederholen Sie die gek\u00fchlte Muttermilch bitte nicht. Entsorgen Sie die Reste und desinfizieren Sie den Beh\u00e4lter.<\/li><\/ol>\t\t\t\t\t\t\t\t<\/div>\n\t\t\t\t<\/div>\n\t\t\t\t\t<\/div>\n\t\t<\/div>\n\t\t\t\t\t<\/div>\n\t\t<\/section>\n\t\t\t\t<\/div>","protected":false},"excerpt":{"rendered":"<p>&#8220;<strong>Suchen Sie nach einer praktischen L\u00f6sung zum freih\u00e4ndigen Abpumpen?<\/strong> Wir stellen unsere tragbare, freih\u00e4ndige Doppelmilchpumpe vor - die L\u00f6sung f\u00fcr problemloses Abpumpen unterwegs. Jetzt versandkostenfrei einkaufen und 30% Rabatt erhalten!\"<\/p>","protected":false},"featured_media":13508,"comment_status":"open","ping_status":"closed","template":"","meta":{"_acf_changed":false},"product_brand":[],"product_cat":[20],"product_tag":[205,275,202,204,206],"class_list":{"0":"post-13291","1":"product","2":"type-product","3":"status-publish","4":"has-post-thumbnail","6":"product_cat-new-mom","7":"product_tag-breast-pump-machine","8":"product_tag-double-hands-free-breast-pump","9":"product_tag-double-pumping","10":"product_tag-hands-free-breast-pump","11":"product_tag-wearable-electric-breast-pumps","13":"first","14":"instock","15":"sale","16":"taxable","17":"shipping-taxable","18":"purchasable","19":"product-type-variable","20":"wvs-archive-product-wrapper"},"acf":[],"_links":{"self":[{"href":"https:\/\/babyvk.com\/de\/wp-json\/wp\/v2\/product\/13291","targetHints":{"allow":["GET"]}}],"collection":[{"href":"https:\/\/babyvk.com\/de\/wp-json\/wp\/v2\/product"}],"about":[{"href":"https:\/\/babyvk.com\/de\/wp-json\/wp\/v2\/types\/product"}],"replies":[{"embeddable":true,"href":"https:\/\/babyvk.com\/de\/wp-json\/wp\/v2\/comments?post=13291"}],"version-history":[{"count":0,"href":"https:\/\/babyvk.com\/de\/wp-json\/wp\/v2\/product\/13291\/revisions"}],"wp:featuredmedia":[{"embeddable":true,"href":"https:\/\/babyvk.com\/de\/wp-json\/wp\/v2\/media\/13508"}],"wp:attachment":[{"href":"https:\/\/babyvk.com\/de\/wp-json\/wp\/v2\/media?parent=13291"}],"wp:term":[{"taxonomy":"product_brand","embeddable":true,"href":"https:\/\/babyvk.com\/de\/wp-json\/wp\/v2\/product_brand?post=13291"},{"taxonomy":"product_cat","embeddable":true,"href":"https:\/\/babyvk.com\/de\/wp-json\/wp\/v2\/product_cat?post=13291"},{"taxonomy":"product_tag","embeddable":true,"href":"https:\/\/babyvk.com\/de\/wp-json\/wp\/v2\/product_tag?post=13291"}],"curies":[{"name":"wp","href":"https:\/\/api.w.org\/{rel}","templated":true}]}}